{"id":106,"date":"2012-05-11T18:59:07","date_gmt":"2012-05-11T18:59:07","guid":{"rendered":"http:\/\/public.mediasimple.ca\/remax_papachristou\/?page_id=106"},"modified":"2012-10-24T14:44:08","modified_gmt":"2012-10-24T18:44:08","slug":"avec-un-courtier-immobilier-vous-etes-bien-protege","status":"publish","type":"page","link":"https:\/\/nickdimakis.com\/en\/acheter-2\/avec-un-courtier-immobilier-vous-etes-bien-protege\/","title":{"rendered":"Protection You Can Count On!"},"content":{"rendered":"<p>Doing business with a real estate broker means that you are protected by the law. The Real Estate Brokerage Act and various other organizations regulate the real estate broker profession so that consumers can expect fair and competent services. So, you know that you&#8217;ll be served by a highly qualified and well-trained professional.<\/p>\n<p><strong>Real Estate Brokerage Act<\/strong><br \/>\nThe main goal of the Real Estate Brokerage Act is to protect the public. To enforce this, the Act sets out specific rules relating to the brokerage contract for the sale of a house. They are similar to several of the regulations found in the Consumer Protection Act.<\/p>\n<p><strong>Organisme d&#8217;autor\u00e9glementation du courtage immobilier du Qu\u00e9bec<\/strong><br \/>\nCreated by the Real Estate Brokerage Act, the Organisme d&#8217;autor\u00e9glementation du courtage immobilier du Qu\u00e9bec (OACIQ) is mandated to protect the public by regulating the professional activities of all real estate brokers. It is responsible for administering the exam that leads to the practice certificate and it ensures that its members carry out their activities in compliance with current laws and regulations. For more information, visit\u00a0<a href=\"http:\/\/www.oaciq.com\/?uc=0\" target=\"_blank\">www.oaciq.com<\/a>.<\/p>\n<p><strong>Fonds d&#8217;indemnisation du courtage immobilier<\/strong><br \/>\nEach broker contributes to the Fonds d&#8217;indemnisation du courtage immobilier. The Fonds d&#8217;indemnisation du courtage immobilier has the authority to compensate a consumer in the event that a problem arises during a transaction whether it relates to fraud, a dishonest transaction or the misappropriation of funds or other property. For more information, go to\u00a0<a href=\"http:\/\/www.indemnisation.org\/en\/index.shtml?uc=0\" target=\"_blank\">www.indemnisation.org<\/a>.<\/p>\n<p><strong>Professional Liability Insurance<\/strong><br \/>\nReal estate brokers must hold professional liability insurance, which ensures that consumers have additional financial protection in cases of fault, error, negligence or omission. This insurance covers civil claims and civil proceedings.<\/p>\n<p>SOURCE :\u00a0<a title=\"http:\/\/www.CENTRIS.CA\" href=\"http:\/\/www.CENTRIS.CA\" target=\"_blank\">CENTRIS.CA<\/a><\/p>","protected":false},"excerpt":{"rendered":"<p>Doing business with a real estate broker means that you are protected by the law. The Real Estate Brokerage Act and various other organizations regulate the real estate broker profession so that consumers can expect fair and competent services. So, you know that you&#8217;ll be served by a highly qualified and well-trained professional. Real Estate [&hellip;]<\/p>\n","protected":false},"author":1,"featured_media":0,"parent":7,"menu_order":0,"comment_status":"open","ping_status":"open","template":"","meta":{"_acf_changed":false,"footnotes":""},"class_list":["post-106","page","type-page","status-publish","hentry"],"acf":[],"yoast_head":"<!-- This site is optimized with the Yoast SEO plugin v26.7 - https:\/\/yoast.com\/wordpress\/plugins\/seo\/ -->\n<title>Avec un courtier immobilier, vous \u00eates bien prot\u00e9g\u00e9!Protection You Can Count On! - Nick Dimakis<\/title>\n<meta name=\"robots\" content=\"index, follow, max-snippet:-1, max-image-preview:large, max-video-preview:-1\" \/>\n<link rel=\"canonical\" href=\"http:\/\/nickdimakis.com\/acheter-2\/avec-un-courtier-immobilier-vous-etes-bien-protege\/\" \/>\n<meta property=\"og:locale\" content=\"en_US\" \/>\n<meta property=\"og:type\" content=\"article\" \/>\n<meta property=\"og:title\" content=\"Avec un courtier immobilier, vous \u00eates bien prot\u00e9g\u00e9!Protection You Can Count On! - Nick Dimakis\" \/>\n<meta property=\"og:description\" content=\"Doing business with a real estate broker means that you are protected by the law. The Real Estate Brokerage Act and various other organizations regulate the real estate broker profession so that consumers can expect fair and competent services. So, you know that you&#8217;ll be served by a highly qualified and well-trained professional. Real Estate [&hellip;]\" \/>\n<meta property=\"og:url\" content=\"http:\/\/nickdimakis.com\/acheter-2\/avec-un-courtier-immobilier-vous-etes-bien-protege\/\" \/>\n<meta property=\"og:site_name\" content=\"Nick Dimakis\" \/>\n<meta property=\"article:modified_time\" content=\"2012-10-24T18:44:08+00:00\" \/>\n<meta property=\"og:image\" content=\"https:\/\/nickdimakis.com\/files\/2022\/07\/header_kamelo.jpg\" \/>\n<meta name=\"twitter:card\" content=\"summary_large_image\" \/>\n<meta name=\"twitter:image\" content=\"https:\/\/nickdimakis.com\/files\/2022\/07\/header_kamelo.jpg\" \/>\n<meta name=\"twitter:label1\" content=\"Est. reading time\" \/>\n\t<meta name=\"twitter:data1\" content=\"3 minutes\" \/>\n<script type=\"application\/ld+json\" class=\"yoast-schema-graph\">{\"@context\":\"https:\/\/schema.org\",\"@graph\":[{\"@type\":\"WebPage\",\"@id\":\"http:\/\/nickdimakis.com\/acheter-2\/avec-un-courtier-immobilier-vous-etes-bien-protege\/\",\"url\":\"http:\/\/nickdimakis.com\/acheter-2\/avec-un-courtier-immobilier-vous-etes-bien-protege\/\",\"name\":\"Avec un courtier immobilier, vous \u00eates bien prot\u00e9g\u00e9!Protection You Can Count On! - Nick Dimakis\",\"isPartOf\":{\"@id\":\"https:\/\/nickdimakis.com\/#website\"},\"datePublished\":\"2012-05-11T18:59:07+00:00\",\"dateModified\":\"2012-10-24T18:44:08+00:00\",\"breadcrumb\":{\"@id\":\"http:\/\/nickdimakis.com\/acheter-2\/avec-un-courtier-immobilier-vous-etes-bien-protege\/#breadcrumb\"},\"inLanguage\":\"en-US\",\"potentialAction\":[{\"@type\":\"ReadAction\",\"target\":[\"http:\/\/nickdimakis.com\/acheter-2\/avec-un-courtier-immobilier-vous-etes-bien-protege\/\"]}]},{\"@type\":\"BreadcrumbList\",\"@id\":\"http:\/\/nickdimakis.com\/acheter-2\/avec-un-courtier-immobilier-vous-etes-bien-protege\/#breadcrumb\",\"itemListElement\":[{\"@type\":\"ListItem\",\"position\":1,\"name\":\"Accueil\",\"item\":\"https:\/\/nickdimakis.com\/\"},{\"@type\":\"ListItem\",\"position\":2,\"name\":\"Acheter\",\"item\":\"http:\/\/nickdimakis.com\/acheter-2\/\"},{\"@type\":\"ListItem\",\"position\":3,\"name\":\"Avec un courtier immobilier, vous \u00eates bien prot\u00e9g\u00e9!\"}]},{\"@type\":\"WebSite\",\"@id\":\"https:\/\/nickdimakis.com\/#website\",\"url\":\"https:\/\/nickdimakis.com\/\",\"name\":\"Nick Dimakis\",\"description\":\"Real Estate Broker\",\"publisher\":{\"@id\":\"https:\/\/nickdimakis.com\/#organization\"},\"potentialAction\":[{\"@type\":\"SearchAction\",\"target\":{\"@type\":\"EntryPoint\",\"urlTemplate\":\"https:\/\/nickdimakis.com\/?s={search_term_string}\"},\"query-input\":{\"@type\":\"PropertyValueSpecification\",\"valueRequired\":true,\"valueName\":\"search_term_string\"}}],\"inLanguage\":\"en-US\"},{\"@type\":\"Organization\",\"@id\":\"https:\/\/nickdimakis.com\/#organization\",\"name\":\"Nick Dimakis\",\"url\":\"https:\/\/nickdimakis.com\/\",\"logo\":{\"@type\":\"ImageObject\",\"inLanguage\":\"en-US\",\"@id\":\"https:\/\/nickdimakis.com\/#\/schema\/logo\/image\/\",\"url\":\"https:\/\/nickdimakis.com\/files\/2022\/07\/header_kamelo.jpg\",\"contentUrl\":\"https:\/\/nickdimakis.com\/files\/2022\/07\/header_kamelo.jpg\",\"width\":600,\"height\":390,\"caption\":\"Nick Dimakis\"},\"image\":{\"@id\":\"https:\/\/nickdimakis.com\/#\/schema\/logo\/image\/\"}}]}<\/script>\n<!-- \/ Yoast SEO plugin. -->","yoast_head_json":{"title":"Avec un courtier immobilier, vous \u00eates bien prot\u00e9g\u00e9!Protection You Can Count On! - Nick Dimakis","robots":{"index":"index","follow":"follow","max-snippet":"max-snippet:-1","max-image-preview":"max-image-preview:large","max-video-preview":"max-video-preview:-1"},"canonical":"http:\/\/nickdimakis.com\/acheter-2\/avec-un-courtier-immobilier-vous-etes-bien-protege\/","og_locale":"en_US","og_type":"article","og_title":"Avec un courtier immobilier, vous \u00eates bien prot\u00e9g\u00e9!Protection You Can Count On! - Nick Dimakis","og_description":"Doing business with a real estate broker means that you are protected by the law. The Real Estate Brokerage Act and various other organizations regulate the real estate broker profession so that consumers can expect fair and competent services. So, you know that you&#8217;ll be served by a highly qualified and well-trained professional. Real Estate [&hellip;]","og_url":"http:\/\/nickdimakis.com\/acheter-2\/avec-un-courtier-immobilier-vous-etes-bien-protege\/","og_site_name":"Nick Dimakis","article_modified_time":"2012-10-24T18:44:08+00:00","og_image":[{"url":"https:\/\/nickdimakis.com\/files\/2022\/07\/header_kamelo.jpg","type":"","width":"","height":""}],"twitter_card":"summary_large_image","twitter_image":"https:\/\/nickdimakis.com\/files\/2022\/07\/header_kamelo.jpg","twitter_misc":{"Est. reading time":"3 minutes"},"schema":{"@context":"https:\/\/schema.org","@graph":[{"@type":"WebPage","@id":"http:\/\/nickdimakis.com\/acheter-2\/avec-un-courtier-immobilier-vous-etes-bien-protege\/","url":"http:\/\/nickdimakis.com\/acheter-2\/avec-un-courtier-immobilier-vous-etes-bien-protege\/","name":"Avec un courtier immobilier, vous \u00eates bien prot\u00e9g\u00e9!Protection You Can Count On! - Nick Dimakis","isPartOf":{"@id":"https:\/\/nickdimakis.com\/#website"},"datePublished":"2012-05-11T18:59:07+00:00","dateModified":"2012-10-24T18:44:08+00:00","breadcrumb":{"@id":"http:\/\/nickdimakis.com\/acheter-2\/avec-un-courtier-immobilier-vous-etes-bien-protege\/#breadcrumb"},"inLanguage":"en-US","potentialAction":[{"@type":"ReadAction","target":["http:\/\/nickdimakis.com\/acheter-2\/avec-un-courtier-immobilier-vous-etes-bien-protege\/"]}]},{"@type":"BreadcrumbList","@id":"http:\/\/nickdimakis.com\/acheter-2\/avec-un-courtier-immobilier-vous-etes-bien-protege\/#breadcrumb","itemListElement":[{"@type":"ListItem","position":1,"name":"Accueil","item":"https:\/\/nickdimakis.com\/"},{"@type":"ListItem","position":2,"name":"Acheter","item":"http:\/\/nickdimakis.com\/acheter-2\/"},{"@type":"ListItem","position":3,"name":"Avec un courtier immobilier, vous \u00eates bien prot\u00e9g\u00e9!"}]},{"@type":"WebSite","@id":"https:\/\/nickdimakis.com\/#website","url":"https:\/\/nickdimakis.com\/","name":"Nick Dimakis","description":"Real Estate Broker","publisher":{"@id":"https:\/\/nickdimakis.com\/#organization"},"potentialAction":[{"@type":"SearchAction","target":{"@type":"EntryPoint","urlTemplate":"https:\/\/nickdimakis.com\/?s={search_term_string}"},"query-input":{"@type":"PropertyValueSpecification","valueRequired":true,"valueName":"search_term_string"}}],"inLanguage":"en-US"},{"@type":"Organization","@id":"https:\/\/nickdimakis.com\/#organization","name":"Nick Dimakis","url":"https:\/\/nickdimakis.com\/","logo":{"@type":"ImageObject","inLanguage":"en-US","@id":"https:\/\/nickdimakis.com\/#\/schema\/logo\/image\/","url":"https:\/\/nickdimakis.com\/files\/2022\/07\/header_kamelo.jpg","contentUrl":"https:\/\/nickdimakis.com\/files\/2022\/07\/header_kamelo.jpg","width":600,"height":390,"caption":"Nick Dimakis"},"image":{"@id":"https:\/\/nickdimakis.com\/#\/schema\/logo\/image\/"}}]}},"_links":{"self":[{"href":"https:\/\/nickdimakis.com\/en\/wp-json\/wp\/v2\/pages\/106","targetHints":{"allow":["GET"]}}],"collection":[{"href":"https:\/\/nickdimakis.com\/en\/wp-json\/wp\/v2\/pages"}],"about":[{"href":"https:\/\/nickdimakis.com\/en\/wp-json\/wp\/v2\/types\/page"}],"author":[{"embeddable":true,"href":"https:\/\/nickdimakis.com\/en\/wp-json\/wp\/v2\/users\/1"}],"replies":[{"embeddable":true,"href":"https:\/\/nickdimakis.com\/en\/wp-json\/wp\/v2\/comments?post=106"}],"version-history":[{"count":0,"href":"https:\/\/nickdimakis.com\/en\/wp-json\/wp\/v2\/pages\/106\/revisions"}],"up":[{"embeddable":true,"href":"https:\/\/nickdimakis.com\/en\/wp-json\/wp\/v2\/pages\/7"}],"wp:attachment":[{"href":"https:\/\/nickdimakis.com\/en\/wp-json\/wp\/v2\/media?parent=106"}],"curies":[{"name":"wp","href":"https:\/\/api.w.org\/{rel}","templated":true}]}}